{"id":338,"date":"2015-05-19T17:11:53","date_gmt":"2015-05-19T17:11:53","guid":{"rendered":"http:\/\/bhe-ag.ch\/wordpress\/?page_id=338"},"modified":"2018-01-29T13:32:58","modified_gmt":"2018-01-29T13:32:58","slug":"datenschutz","status":"publish","type":"page","link":"https:\/\/holz.bhe-ag.ch\/?page_id=338","title":{"rendered":"Datenschutz"},"content":{"rendered":"<div class=\"wpb-content-wrapper\"><p>[vc_row][vc_column][vc_custom_heading text=&#8220;Datenschutz&#8220; font_container=&#8220;tag:h2|text_align:left|color:{65a6cc3e0742901a42f217bb776b2c5c575b731d26bf210f74d4d73abf48b498}23b76000&#8243; use_theme_fonts=&#8220;yes&#8220;][vc_separator color=&#8220;custom&#8220; border_width=&#8220;2&#8243; accent_color=&#8220;#b76000&#8243;][\/vc_column][\/vc_row][vc_row][vc_column][vc_column_text]<span style=\"color: #000000;\"><strong>Copyright<\/strong><br \/>\nBetschart AG<br \/>\nHolz + Elektro<\/span><span style=\"color: #000000;\"><br \/>\n<\/span><\/p>\n<p><strong><span style=\"color: #000000;\">Haftungsausschluss<\/span><\/strong><br \/>\n<span style=\"color: #000000;\"> Der Autor \u00fcbernimmt keinerlei Gew\u00e4hr hinsichtlich der inhaltlichen Richtigkeit, Genauigkeit, Aktualit\u00e4t, Zuverl\u00e4ssigkeit und Vollst\u00e4ndigkeit der Informationen.<\/span><br \/>\n<span style=\"color: #000000;\"> Haftungsanspr\u00fcche gegen den Autor wegen Sch\u00e4den materieller oder immaterieller Art, welche aus dem Zugriff oder der Nutzung bzw. Nichtnutzung der ver\u00f6ffentlichten Informationen, durch Missbrauch der Verbindung oder durch technische St\u00f6rungen entstanden sind, werden ausgeschlossen.<\/span><br \/>\n<span style=\"color: #000000;\"> Alle Angebote sind unverbindlich. Der Autor beh\u00e4lt es sich ausdr\u00fccklich vor, Teile der Seiten oder das gesamte Angebot ohne gesonderte Ank\u00fcndigung zu ver\u00e4ndern, zu erg\u00e4nzen, zu l\u00f6schen oder die Ver\u00f6ffentlichung zeitweise oder endg\u00fcltig einzustellen.<\/span><\/p>\n<p><strong><span style=\"color: #000000;\">Haftung f\u00fcr Links<\/span><\/strong><br \/>\n<span style=\"color: #000000;\"> Verweise und Links auf Webseiten Dritter liegen ausserhalb unseres Verantwortungsbereichs Es wird jegliche Verantwortung f\u00fcr solche Webseiten abgelehnt. Der Zugriff und die Nutzung solcher Webseiten erfolgen auf eigene Gefahr des Nutzers oder der Nutzerin.<\/span><\/p>\n<p><strong><span style=\"color: #000000;\">Urheberrechte<\/span><\/strong><br \/>\n<span style=\"color: #000000;\"> Die Urheber- und alle anderen Rechte an Inhalten, Bildern, Fotos oder anderen Dateien auf der Website geh\u00f6ren ausschliesslich muk mikmiu oder den speziell genannten Rechtsinhabern. F\u00fcr die Reproduktion jeglicher Elemente ist die schriftliche Zustimmung der Urheberrechtstr\u00e4ger im Voraus einzuholen.<\/span><\/p>\n<p><strong><span style=\"color: #000000;\">Datenschutz<\/span><\/strong><br \/>\n<span style=\"color: #000000;\"> Gest\u00fctzt auf Artikel 13 der schweizerischen Bundesverfassung und die datenschutzrechtlichen Bestimmungen des Bundes (Datenschutzgesetz, DSG) hat jede Person Anspruch auf Schutz ihrer Privatsph\u00e4re sowie auf Schutz vor Missbrauch ihrer pers\u00f6nlichen Daten. Wir halten diese Bestimmungen ein. Pers\u00f6nliche Daten werden streng vertraulich behandelt und weder an Dritte verkauft noch weiter gegeben.<\/span><br \/>\n<span style=\"color: #000000;\"> In enger Zusammenarbeit mit unseren Hosting-Providern bem\u00fchen wir uns, die Datenbanken so gut wie m\u00f6glich vor fremden Zugriffen, Verlusten, Missbrauch oder vor F\u00e4lschung zu sch\u00fctzen.<br \/>\n<\/span>[\/vc_column_text][\/vc_column][\/vc_row]<\/p>\n<\/div>","protected":false},"excerpt":{"rendered":"<p>[vc_row][vc_column][vc_custom_heading text=&#8220;Datenschutz&#8220; font_container=&#8220;tag:h2|text_align:left|color:{65a6cc3e0742901a42f217bb776b2c5c575b731d26bf210f74d4d73abf48b498}23b76000&#8243; use_theme_fonts=&#8220;yes&#8220;][vc_separator color=&#8220;custom&#8220; border_width=&#8220;2&#8243; accent_color=&#8220;#b76000&#8243;][\/vc_column][\/vc_row][vc_row][vc_column][vc_column_text]Copyright Betschart AG Holz + Elektro Haftungsausschluss Der Autor \u00fcbernimmt keinerlei Gew\u00e4hr hinsichtlich der inhaltlichen Richtigkeit, Genauigkeit, Aktualit\u00e4t, Zuverl\u00e4ssigkeit und<span class=\"excerpt-hellip\"> [\u2026]<\/span><\/p>\n","protected":false},"author":1,"featured_media":0,"parent":0,"menu_order":20,"comment_status":"closed","ping_status":"closed","template":"","meta":{"footnotes":""},"_links":{"self":[{"href":"https:\/\/holz.bhe-ag.ch\/index.php?rest_route=\/wp\/v2\/pages\/338"}],"collection":[{"href":"https:\/\/holz.bhe-ag.ch\/index.php?rest_route=\/wp\/v2\/pages"}],"about":[{"href":"https:\/\/holz.bhe-ag.ch\/index.php?rest_route=\/wp\/v2\/types\/page"}],"author":[{"embeddable":true,"href":"https:\/\/holz.bhe-ag.ch\/index.php?rest_route=\/wp\/v2\/users\/1"}],"replies":[{"embeddable":true,"href":"https:\/\/holz.bhe-ag.ch\/index.php?rest_route=%2Fwp%2Fv2%2Fcomments&post=338"}],"version-history":[{"count":14,"href":"https:\/\/holz.bhe-ag.ch\/index.php?rest_route=\/wp\/v2\/pages\/338\/revisions"}],"predecessor-version":[{"id":1007,"href":"https:\/\/holz.bhe-ag.ch\/index.php?rest_route=\/wp\/v2\/pages\/338\/revisions\/1007"}],"wp:attachment":[{"href":"https:\/\/holz.bhe-ag.ch\/index.php?rest_route=%2Fwp%2Fv2%2Fmedia&parent=338"}],"curies":[{"name":"wp","href":"https:\/\/api.w.org\/{rel}","templated":true}]}}