{"id":791,"date":"2017-09-26T19:09:41","date_gmt":"2017-09-26T19:09:41","guid":{"rendered":"https:\/\/holz.bhe-ag.ch\/?page_id=791"},"modified":"2017-12-20T20:25:35","modified_gmt":"2017-12-20T20:25:35","slug":"mitarbeiter","status":"publish","type":"page","link":"https:\/\/holz.bhe-ag.ch\/?page_id=791","title":{"rendered":"Mitarbeiter"},"content":{"rendered":"<div class=\"wpb-content-wrapper\"><p>[vc_row][vc_column][vc_custom_heading text=&#8220;Mitarbeiter&#8220; font_container=&#8220;tag:h2|text_align:left|color:{65a6cc3e0742901a42f217bb776b2c5c575b731d26bf210f74d4d73abf48b498}23b76000&#8243; use_theme_fonts=&#8220;yes&#8220;][vc_separator color=&#8220;custom&#8220; border_width=&#8220;2&#8243; accent_color=&#8220;#b76000&#8243;][\/vc_column][\/vc_row][vc_row][vc_column width=&#8220;1\/2&#8243;][vc_single_image image=&#8220;965&#8243; img_size=&#8220;600x300px&#8220;][\/vc_column][vc_column width=&#8220;1\/2&#8243;][vc_column_text]Unsere Mitarbeiter sind unser Kapital, wir setzen auf ein professionelles und freundliches Miteinander. An erster Stelle steht f\u00fcr uns die termingerechte Auslieferung und Qualit\u00e4t.[\/vc_column_text][\/vc_column][\/vc_row][vc_row][vc_column width=&#8220;1\/4&#8243;]<div class=\"team team_vertical\"><h4 class=\"title\">Ren\u00e9 L\u00fc\u00f6nd<\/h4><div class=\"image_frame photo no_link scale-with-grid\"><div class=\"image_wrapper\"><img class=\"scale-with-grid\" src=\"https:\/\/holz.bhe-ag.ch\/wp-content\/uploads\/2017\/09\/Holz-97-e1513269909782.jpg\" alt=\"Holz-97\" width=\"900\" height=\"1350\"\/><\/div><\/div><div class=\"desc_wrapper clearfix\"><h4>Gesch\u00e4ftsf\u00fchrer<\/h4><p class=\"phone\"><i class=\"icon-phone\" aria-label=\"phone\"><\/i> <a href=\"tel:041 830 12 52\">041 830 12 52<\/a><\/p><hr class=\"hr_color\" \/><div class=\"desc\"><\/div><div class=\"links\"><a href=\"mailto:holz@bhe-ag.ch\" class=\"icon_bar icon_bar_small mail\"><span class=\"t\"><i class=\"icon-mail\" aria-label=\"mail\"><\/i><\/span><span class=\"b\"><i class=\"icon-mail\" aria-hidden=\"true\"><\/i><\/span><\/a><\/div><\/div><\/div>\n[\/vc_column][vc_column width=&#8220;1\/4&#8243;]<div class=\"team team_vertical\"><h4 class=\"title\">Maya L\u00fc\u00f6nd<\/h4><div class=\"image_frame photo no_link scale-with-grid\"><div class=\"image_wrapper\"><img class=\"scale-with-grid\" src=\"https:\/\/holz.bhe-ag.ch\/wp-content\/uploads\/2017\/09\/Holz-139-e1513269902445.jpg\" alt=\"Holz-139\" width=\"900\" height=\"1350\"\/><\/div><\/div><div class=\"desc_wrapper clearfix\"><h4>Administration, Buchhaltung<\/h4><hr class=\"hr_color\" \/><div class=\"desc\"><\/div><\/div><\/div>\n[\/vc_column][vc_column width=&#8220;1\/4&#8243;]<div class=\"team team_vertical\"><h4 class=\"title\">Bruno Ott<\/h4><div class=\"image_frame photo no_link scale-with-grid\"><div class=\"image_wrapper\"><img class=\"scale-with-grid\" src=\"https:\/\/holz.bhe-ag.ch\/wp-content\/uploads\/2017\/09\/Holz-134-e1513269829225.jpg\" alt=\"Holz-134\" width=\"900\" height=\"1350\"\/><\/div><\/div><div class=\"desc_wrapper clearfix\"><h4>S\u00e4ger, Rundholzplatz, Zuschnitt, Maschinenunterhalt<\/h4><hr class=\"hr_color\" \/><div class=\"desc\"><\/div><\/div><\/div>\n[\/vc_column][vc_column width=&#8220;1\/4&#8243;]<div class=\"team team_vertical\"><h4 class=\"title\">Ren\u00e9 Kempf<\/h4><div class=\"image_frame photo no_link scale-with-grid\"><div class=\"image_wrapper\"><img class=\"scale-with-grid\" src=\"https:\/\/holz.bhe-ag.ch\/wp-content\/uploads\/2017\/09\/Holz-102-e1513269821375.jpg\" alt=\"Holz-102\" width=\"900\" height=\"1350\"\/><\/div><\/div><div class=\"desc_wrapper clearfix\"><h4>S\u00e4ger, Schnittholzplatz, Kistenproduktion<\/h4><hr class=\"hr_color\" \/><div class=\"desc\"><\/div><\/div><\/div>\n[\/vc_column][\/vc_row][vc_row][vc_column width=&#8220;1\/4&#8243;]<div class=\"team team_vertical\"><h4 class=\"title\">Sepp Schuler<\/h4><div class=\"image_frame photo no_link scale-with-grid\"><div class=\"image_wrapper\"><img class=\"scale-with-grid\" src=\"https:\/\/holz.bhe-ag.ch\/wp-content\/uploads\/2017\/09\/Holz-106-e1513269781129.jpg\" alt=\"Holz-106\" width=\"900\" height=\"1350\"\/><\/div><\/div><div class=\"desc_wrapper clearfix\"><h4>S\u00e4ger, Zuschnitt, Leimerei<\/h4><hr class=\"hr_color\" \/><div class=\"desc\"><\/div><\/div><\/div>\n[\/vc_column][vc_column width=&#8220;1\/4&#8243;]<div class=\"team team_vertical\"><h4 class=\"title\">Aldo Betschart<\/h4><div class=\"image_frame photo no_link scale-with-grid\"><div class=\"image_wrapper\"><img class=\"scale-with-grid\" src=\"https:\/\/holz.bhe-ag.ch\/wp-content\/uploads\/2017\/09\/Holz-104-e1513269772817.jpg\" alt=\"Holz-104\" width=\"900\" height=\"1350\"\/><\/div><\/div><div class=\"desc_wrapper clearfix\"><h4>S\u00e4ger, Schnittholzplatz<\/h4><hr class=\"hr_color\" \/><div class=\"desc\"><\/div><\/div><\/div>\n[\/vc_column][vc_column width=&#8220;1\/4&#8243;]<div class=\"team team_vertical\"><h4 class=\"title\">Shpeitjm Musliu<\/h4><div class=\"image_frame photo no_link scale-with-grid\"><div class=\"image_wrapper\"><img class=\"scale-with-grid\" src=\"https:\/\/holz.bhe-ag.ch\/wp-content\/uploads\/2017\/09\/Holz-98-e1513269765173.jpg\" alt=\"Holz-98\" width=\"900\" height=\"1350\"\/><\/div><\/div><div class=\"desc_wrapper clearfix\"><h4>K\u00e4sebretter- und Kistenproduktion<\/h4><hr class=\"hr_color\" \/><div class=\"desc\"><\/div><\/div><\/div>\n[\/vc_column][vc_column width=&#8220;1\/4&#8243;]<div class=\"team team_vertical\"><h4 class=\"title\">Pius Schelbert<\/h4><div class=\"image_frame photo no_link scale-with-grid\"><div class=\"image_wrapper\"><img class=\"scale-with-grid\" src=\"https:\/\/holz.bhe-ag.ch\/wp-content\/uploads\/2017\/09\/Holz-132-e1513269754891.jpg\" alt=\"Holz-132\" width=\"900\" height=\"1350\"\/><\/div><\/div><div class=\"desc_wrapper clearfix\"><h4>Zuschnitt<\/h4><hr class=\"hr_color\" \/><div class=\"desc\"><\/div><\/div><\/div>\n[\/vc_column][\/vc_row][vc_row][vc_column width=&#8220;1\/4&#8243;]<div class=\"team team_vertical\"><h4 class=\"title\">Xaver Schelbert<\/h4><div class=\"desc_wrapper clearfix\"><h4>Zuschnitt, K\u00e4sebretter.- und Kistenproduktion<\/h4><hr class=\"hr_color\" \/><div class=\"desc\"><\/div><\/div><\/div>\n[\/vc_column][vc_column width=&#8220;1\/4&#8243;][\/vc_column][vc_column width=&#8220;1\/4&#8243;][\/vc_column][vc_column width=&#8220;1\/4&#8243;][\/vc_column][\/vc_row]<\/p>\n<\/div>","protected":false},"excerpt":{"rendered":"<p>[vc_row][vc_column][vc_custom_heading text=&#8220;Mitarbeiter&#8220; font_container=&#8220;tag:h2|text_align:left|color:{65a6cc3e0742901a42f217bb776b2c5c575b731d26bf210f74d4d73abf48b498}23b76000&#8243; use_theme_fonts=&#8220;yes&#8220;][vc_separator color=&#8220;custom&#8220; border_width=&#8220;2&#8243; accent_color=&#8220;#b76000&#8243;][\/vc_column][\/vc_row][vc_row][vc_column width=&#8220;1\/2&#8243;][vc_single_image image=&#8220;965&#8243; img_size=&#8220;600x300px&#8220;][\/vc_column][vc_column width=&#8220;1\/2&#8243;][vc_column_text]Unsere Mitarbeiter sind unser Kapital, wir setzen auf ein professionelles und freundliches Miteinander. An erster Stelle<span class=\"excerpt-hellip\"> [\u2026]<\/span><\/p>\n","protected":false},"author":3,"featured_media":0,"parent":784,"menu_order":0,"comment_status":"closed","ping_status":"closed","template":"","meta":{"footnotes":""},"_links":{"self":[{"href":"https:\/\/holz.bhe-ag.ch\/index.php?rest_route=\/wp\/v2\/pages\/791"}],"collection":[{"href":"https:\/\/holz.bhe-ag.ch\/index.php?rest_route=\/wp\/v2\/pages"}],"about":[{"href":"https:\/\/holz.bhe-ag.ch\/index.php?rest_route=\/wp\/v2\/types\/page"}],"author":[{"embeddable":true,"href":"https:\/\/holz.bhe-ag.ch\/index.php?rest_route=\/wp\/v2\/users\/3"}],"replies":[{"embeddable":true,"href":"https:\/\/holz.bhe-ag.ch\/index.php?rest_route=%2Fwp%2Fv2%2Fcomments&post=791"}],"version-history":[{"count":18,"href":"https:\/\/holz.bhe-ag.ch\/index.php?rest_route=\/wp\/v2\/pages\/791\/revisions"}],"predecessor-version":[{"id":968,"href":"https:\/\/holz.bhe-ag.ch\/index.php?rest_route=\/wp\/v2\/pages\/791\/revisions\/968"}],"up":[{"embeddable":true,"href":"https:\/\/holz.bhe-ag.ch\/index.php?rest_route=\/wp\/v2\/pages\/784"}],"wp:attachment":[{"href":"https:\/\/holz.bhe-ag.ch\/index.php?rest_route=%2Fwp%2Fv2%2Fmedia&parent=791"}],"curies":[{"name":"wp","href":"https:\/\/api.w.org\/{rel}","templated":true}]}}